{"id":24,"date":"2025-11-10T03:27:12","date_gmt":"2025-11-10T03:27:12","guid":{"rendered":"https:\/\/faixarosabrasil.com.br\/blog\/link-in-bio\/"},"modified":"2025-11-15T01:16:29","modified_gmt":"2025-11-15T01:16:29","slug":"contato","status":"publish","type":"page","link":"https:\/\/faixarosabrasil.com.br\/blog\/contato\/","title":{"rendered":"Contato"},"content":{"rendered":"\t\t<div data-elementor-type=\"wp-page\" data-elementor-id=\"24\" class=\"elementor elementor-24\">\n\t\t\t\t<div class=\"elementor-element elementor-element-428bede8 e-flex e-con-boxed e-con e-parent\" data-id=\"428bede8\" data-element_type=\"container\">\n\t\t\t\t\t<div class=\"e-con-inner\">\n\t\t\t\t<div class=\"elementor-element elementor-element-21ae770d elementor-widget elementor-widget-link-in-bio\" data-id=\"21ae770d\" data-element_type=\"widget\" data-widget_type=\"link-in-bio.default\">\n\t\t\t\t<div class=\"elementor-widget-container\">\n\t\t\t\t\t\t\t<div class=\"e-link-in-bio e-link-in-bio\">\n\t\t\t<div class=\"e-link-in-bio__content\">\n\n\t\t\t\t\t\t<div class=\"e-link-in-bio__identity\">\n\t\t\t\t\t\t\t\t\t<div class=\"e-link-in-bio__identity-image e-link-in-bio__identity-image-profile has-style-square\">\n\t\t\t\t\t\t\t<img fetchpriority=\"high\" decoding=\"async\" width=\"300\" height=\"300\" src=\"https:\/\/faixarosabrasil.com.br\/blog\/wp-content\/uploads\/2025\/11\/Lucid_Origin_group_of_confident_attractive_women_of_diverse_et_0-300x300.jpg\" class=\"e-link-in-bio__identity-image-element\" alt=\"acompanhantes rmr\" srcset=\"https:\/\/faixarosabrasil.com.br\/blog\/wp-content\/uploads\/2025\/11\/Lucid_Origin_group_of_confident_attractive_women_of_diverse_et_0-300x300.jpg 300w, https:\/\/faixarosabrasil.com.br\/blog\/wp-content\/uploads\/2025\/11\/Lucid_Origin_group_of_confident_attractive_women_of_diverse_et_0-1024x1024.jpg 1024w, https:\/\/faixarosabrasil.com.br\/blog\/wp-content\/uploads\/2025\/11\/Lucid_Origin_group_of_confident_attractive_women_of_diverse_et_0-150x150.jpg 150w, https:\/\/faixarosabrasil.com.br\/blog\/wp-content\/uploads\/2025\/11\/Lucid_Origin_group_of_confident_attractive_women_of_diverse_et_0-768x768.jpg 768w, https:\/\/faixarosabrasil.com.br\/blog\/wp-content\/uploads\/2025\/11\/Lucid_Origin_group_of_confident_attractive_women_of_diverse_et_0.jpg 1200w\" sizes=\"(max-width: 300px) 100vw, 300px\" \/>\t\t\t\t\t\t\t\t\t\t\t\t\t<\/div>\n\t\t\t\t\t\t\t<\/div>\n\t\t\t\t\t<div class=\"e-link-in-bio__bio\">\n\t\t\t\t<h2 class=\"e-link-in-bio__heading\">Mais que um site, uma fam\u00edlia <\/h2>\t\t\t\t<h3 class=\"e-link-in-bio__title\">Junte-se \u00e0 n\u00f3s<\/h3>\t\t\t\t\t\t\t\t<p class=\"e-link-in-bio__description\">Nossas redes socias<\/p>\t\t\t<\/div>\n\t\t\t\t\t<div class=\"e-link-in-bio__icons has-size-small\">\n\t\t\t\t\t\t\t<div class=\"e-link-in-bio__icon is-size-small\">\n\t\t\t\t\t<a target=\"_blank\" rel=\"noopener \" aria-label=\"Facebook\" class=\"e-link-in-bio__icon-link\" href=\"\">\n\t\t\t\t\t\t<span class=\"e-link-in-bio__icon-svg\">\n\t\t\t\t\t\t\t<svg aria-hidden=\"true\" class=\"e-font-icon-svg e-fab-facebook\" viewBox=\"0 0 512 512\" xmlns=\"http:\/\/www.w3.org\/2000\/svg\"><path d=\"M504 256C504 119 393 8 256 8S8 119 8 256c0 123.78 90.69 226.38 209.25 245V327.69h-63V256h63v-54.64c0-62.15 37-96.48 93.67-96.48 27.14 0 55.52 4.84 55.52 4.84v61h-31.28c-30.8 0-40.41 19.12-40.41 38.73V256h68.78l-11 71.69h-57.78V501C413.31 482.38 504 379.78 504 256z\"><\/path><\/svg>\t\t\t\t\t\t<\/span>\n\t\t\t\t\t\t\t\t\t\t\t<\/a>\n\t\t\t\t<\/div>\n\t\t\t\t\t\t\t<div class=\"e-link-in-bio__icon is-size-small\">\n\t\t\t\t\t<a target=\"_blank\" rel=\"noopener \" aria-label=\"Instagram\" class=\"e-link-in-bio__icon-link\" href=\"\">\n\t\t\t\t\t\t<span class=\"e-link-in-bio__icon-svg\">\n\t\t\t\t\t\t\t<svg aria-hidden=\"true\" class=\"e-font-icon-svg e-fab-instagram\" viewBox=\"0 0 448 512\" xmlns=\"http:\/\/www.w3.org\/2000\/svg\"><path d=\"M224.1 141c-63.6 0-114.9 51.3-114.9 114.9s51.3 114.9 114.9 114.9S339 319.5 339 255.9 287.7 141 224.1 141zm0 189.6c-41.1 0-74.7-33.5-74.7-74.7s33.5-74.7 74.7-74.7 74.7 33.5 74.7 74.7-33.6 74.7-74.7 74.7zm146.4-194.3c0 14.9-12 26.8-26.8 26.8-14.9 0-26.8-12-26.8-26.8s12-26.8 26.8-26.8 26.8 12 26.8 26.8zm76.1 27.2c-1.7-35.9-9.9-67.7-36.2-93.9-26.2-26.2-58-34.4-93.9-36.2-37-2.1-147.9-2.1-184.9 0-35.8 1.7-67.6 9.9-93.9 36.1s-34.4 58-36.2 93.9c-2.1 37-2.1 147.9 0 184.9 1.7 35.9 9.9 67.7 36.2 93.9s58 34.4 93.9 36.2c37 2.1 147.9 2.1 184.9 0 35.9-1.7 67.7-9.9 93.9-36.2 26.2-26.2 34.4-58 36.2-93.9 2.1-37 2.1-147.8 0-184.8zM398.8 388c-7.8 19.6-22.9 34.7-42.6 42.6-29.5 11.7-99.5 9-132.1 9s-102.7 2.6-132.1-9c-19.6-7.8-34.7-22.9-42.6-42.6-11.7-29.5-9-99.5-9-132.1s-2.6-102.7 9-132.1c7.8-19.6 22.9-34.7 42.6-42.6 29.5-11.7 99.5-9 132.1-9s102.7-2.6 132.1 9c19.6 7.8 34.7 22.9 42.6 42.6 11.7 29.5 9 99.5 9 132.1s2.7 102.7-9 132.1z\"><\/path><\/svg>\t\t\t\t\t\t<\/span>\n\t\t\t\t\t\t\t\t\t\t\t<\/a>\n\t\t\t\t<\/div>\n\t\t\t\t\t\t\t<div class=\"e-link-in-bio__icon is-size-small\">\n\t\t\t\t\t<a target=\"_blank\" rel=\"noopener \" aria-label=\"TikTok\" class=\"e-link-in-bio__icon-link\" href=\"\">\n\t\t\t\t\t\t<span class=\"e-link-in-bio__icon-svg\">\n\t\t\t\t\t\t\t<svg aria-hidden=\"true\" class=\"e-font-icon-svg e-fab-tiktok\" viewBox=\"0 0 448 512\" xmlns=\"http:\/\/www.w3.org\/2000\/svg\"><path d=\"M448,209.91a210.06,210.06,0,0,1-122.77-39.25V349.38A162.55,162.55,0,1,1,185,188.31V278.2a74.62,74.62,0,1,0,52.23,71.18V0l88,0a121.18,121.18,0,0,0,1.86,22.17h0A122.18,122.18,0,0,0,381,102.39a121.43,121.43,0,0,0,67,20.14Z\"><\/path><\/svg>\t\t\t\t\t\t<\/span>\n\t\t\t\t\t\t\t\t\t\t\t<\/a>\n\t\t\t\t<\/div>\n\t\t\t\t\t\t\t<div class=\"e-link-in-bio__icon is-size-small\">\n\t\t\t\t\t<a target=\"_blank\" rel=\"noopener \" aria-label=\"X (Twitter)\" class=\"e-link-in-bio__icon-link\" href=\"\">\n\t\t\t\t\t\t<span class=\"e-link-in-bio__icon-svg\">\n\t\t\t\t\t\t\t<svg aria-hidden=\"true\" class=\"e-font-icon-svg e-fab-x-twitter\" viewBox=\"0 0 512 512\" xmlns=\"http:\/\/www.w3.org\/2000\/svg\"><path d=\"M389.2 48h70.6L305.6 224.2 487 464H345L233.7 318.6 106.5 464H35.8L200.7 275.5 26.8 48H172.4L272.9 180.9 389.2 48zM364.4 421.8h39.1L151.1 88h-42L364.4 421.8z\"><\/path><\/svg>\t\t\t\t\t\t<\/span>\n\t\t\t\t\t\t\t\t\t\t\t<\/a>\n\t\t\t\t<\/div>\n\t\t\t\t\t<\/div>\n\t\t\n\t\t<div class=\"e-link-in-bio__ctas has-type-button\">\n\t\t\t\t\t\t\t<a href=\"http:\/\/www.faixarosabrasil.com.br\" target=\"_blank\" rel=\"noopener \" class=\"e-link-in-bio__cta is-type-button has-corners-round\">\n\t\t\t\t\t\t\t\t\t\t<span class=\"e-link-in-bio__cta-text\">\n\t\t\t\t\t\tSaiba mais \t\t\t\t\t<\/span>\n\t\t\t\t<\/a>\n\t\t\t\t\t<\/div>\n\t\t\n\t\t\t<\/div>\n\t\t\t<div class=\"e-link-in-bio__bg\">\n\t\t\t\t<div class=\"e-link-in-bio__bg-overlay\"><\/div>\n\t\t\t<\/div>\n\t\t<\/div>\n\t\t\t\t\t\t<\/div>\n\t\t\t\t<\/div>\n\t\t\t\t\t<\/div>\n\t\t\t\t<\/div>\n\t\t\t\t<\/div>\n\t\t","protected":false},"excerpt":{"rendered":"<p>Mais que um site, uma fam\u00edlia Junte-se \u00e0 n\u00f3s Nossas redes socias Saiba mais<\/p>\n","protected":false},"author":1,"featured_media":0,"parent":0,"menu_order":0,"comment_status":"closed","ping_status":"closed","template":"elementor_canvas","meta":{"footnotes":""},"class_list":["post-24","page","type-page","status-publish","hentry"],"yoast_head":"<!-- This site is optimized with the Yoast SEO plugin v26.6 - https:\/\/yoast.com\/wordpress\/plugins\/seo\/ -->\n<title>Contato - blog faixa rosa brasil<\/title>\n<meta name=\"robots\" content=\"index, follow, max-snippet:-1, max-image-preview:large, max-video-preview:-1\" \/>\n<link rel=\"canonical\" href=\"https:\/\/faixarosabrasil.com.br\/blog\/contato\/\" \/>\n<meta property=\"og:locale\" content=\"pt_BR\" \/>\n<meta property=\"og:type\" content=\"article\" \/>\n<meta property=\"og:title\" content=\"Contato - blog faixa rosa brasil\" \/>\n<meta property=\"og:description\" content=\"Mais que um site, uma fam\u00edlia Junte-se \u00e0 n\u00f3s Nossas redes socias Saiba mais\" \/>\n<meta property=\"og:url\" content=\"https:\/\/faixarosabrasil.com.br\/blog\/contato\/\" \/>\n<meta property=\"og:site_name\" content=\"blog faixa rosa brasil\" \/>\n<meta property=\"article:modified_time\" content=\"2025-11-15T01:16:29+00:00\" \/>\n<meta property=\"og:image\" content=\"https:\/\/faixarosabrasil.com.br\/blog\/wp-content\/uploads\/2025\/11\/Lucid_Origin_group_of_confident_attractive_women_of_diverse_et_0-300x300.jpg\" \/>\n<meta name=\"twitter:card\" content=\"summary_large_image\" \/>\n<script type=\"application\/ld+json\" class=\"yoast-schema-graph\">{\"@context\":\"https:\/\/schema.org\",\"@graph\":[{\"@type\":\"WebPage\",\"@id\":\"https:\/\/faixarosabrasil.com.br\/blog\/contato\/\",\"url\":\"https:\/\/faixarosabrasil.com.br\/blog\/contato\/\",\"name\":\"Contato - blog faixa rosa brasil\",\"isPartOf\":{\"@id\":\"https:\/\/faixarosabrasil.com.br\/blog\/#website\"},\"primaryImageOfPage\":{\"@id\":\"https:\/\/faixarosabrasil.com.br\/blog\/contato\/#primaryimage\"},\"image\":{\"@id\":\"https:\/\/faixarosabrasil.com.br\/blog\/contato\/#primaryimage\"},\"thumbnailUrl\":\"https:\/\/faixarosabrasil.com.br\/blog\/wp-content\/uploads\/2025\/11\/Lucid_Origin_group_of_confident_attractive_women_of_diverse_et_0-300x300.jpg\",\"datePublished\":\"2025-11-10T03:27:12+00:00\",\"dateModified\":\"2025-11-15T01:16:29+00:00\",\"breadcrumb\":{\"@id\":\"https:\/\/faixarosabrasil.com.br\/blog\/contato\/#breadcrumb\"},\"inLanguage\":\"pt-BR\",\"potentialAction\":[{\"@type\":\"ReadAction\",\"target\":[\"https:\/\/faixarosabrasil.com.br\/blog\/contato\/\"]}]},{\"@type\":\"ImageObject\",\"inLanguage\":\"pt-BR\",\"@id\":\"https:\/\/faixarosabrasil.com.br\/blog\/contato\/#primaryimage\",\"url\":\"https:\/\/faixarosabrasil.com.br\/blog\/wp-content\/uploads\/2025\/11\/Lucid_Origin_group_of_confident_attractive_women_of_diverse_et_0.jpg\",\"contentUrl\":\"https:\/\/faixarosabrasil.com.br\/blog\/wp-content\/uploads\/2025\/11\/Lucid_Origin_group_of_confident_attractive_women_of_diverse_et_0.jpg\",\"width\":1200,\"height\":1200,\"caption\":\"acompanhantes rmr\"},{\"@type\":\"BreadcrumbList\",\"@id\":\"https:\/\/faixarosabrasil.com.br\/blog\/contato\/#breadcrumb\",\"itemListElement\":[{\"@type\":\"ListItem\",\"position\":1,\"name\":\"In\u00edcio\",\"item\":\"https:\/\/faixarosabrasil.com.br\/blog\/\"},{\"@type\":\"ListItem\",\"position\":2,\"name\":\"Contato\"}]},{\"@type\":\"WebSite\",\"@id\":\"https:\/\/faixarosabrasil.com.br\/blog\/#website\",\"url\":\"https:\/\/faixarosabrasil.com.br\/blog\/\",\"name\":\"Blog Faixa Rosa Brasil\",\"description\":\"Encontre as melhores acompanhantes em todo brasil\",\"publisher\":{\"@id\":\"https:\/\/faixarosabrasil.com.br\/blog\/#organization\"},\"potentialAction\":[{\"@type\":\"SearchAction\",\"target\":{\"@type\":\"EntryPoint\",\"urlTemplate\":\"https:\/\/faixarosabrasil.com.br\/blog\/?s={search_term_string}\"},\"query-input\":{\"@type\":\"PropertyValueSpecification\",\"valueRequired\":true,\"valueName\":\"search_term_string\"}}],\"inLanguage\":\"pt-BR\"},{\"@type\":\"Organization\",\"@id\":\"https:\/\/faixarosabrasil.com.br\/blog\/#organization\",\"name\":\"Blog Faixa Rosa Brasil\",\"url\":\"https:\/\/faixarosabrasil.com.br\/blog\/\",\"logo\":{\"@type\":\"ImageObject\",\"inLanguage\":\"pt-BR\",\"@id\":\"https:\/\/faixarosabrasil.com.br\/blog\/#\/schema\/logo\/image\/\",\"url\":\"https:\/\/faixarosabrasil.com.br\/blog\/wp-content\/uploads\/2025\/11\/Design-sem-nome-14.png\",\"contentUrl\":\"https:\/\/faixarosabrasil.com.br\/blog\/wp-content\/uploads\/2025\/11\/Design-sem-nome-14.png\",\"width\":1200,\"height\":100,\"caption\":\"Blog Faixa Rosa Brasil\"},\"image\":{\"@id\":\"https:\/\/faixarosabrasil.com.br\/blog\/#\/schema\/logo\/image\/\"}}]}<\/script>\n<!-- \/ Yoast SEO plugin. -->","yoast_head_json":{"title":"Contato - blog faixa rosa brasil","robots":{"index":"index","follow":"follow","max-snippet":"max-snippet:-1","max-image-preview":"max-image-preview:large","max-video-preview":"max-video-preview:-1"},"canonical":"https:\/\/faixarosabrasil.com.br\/blog\/contato\/","og_locale":"pt_BR","og_type":"article","og_title":"Contato - blog faixa rosa brasil","og_description":"Mais que um site, uma fam\u00edlia Junte-se \u00e0 n\u00f3s Nossas redes socias Saiba mais","og_url":"https:\/\/faixarosabrasil.com.br\/blog\/contato\/","og_site_name":"blog faixa rosa brasil","article_modified_time":"2025-11-15T01:16:29+00:00","og_image":[{"url":"https:\/\/faixarosabrasil.com.br\/blog\/wp-content\/uploads\/2025\/11\/Lucid_Origin_group_of_confident_attractive_women_of_diverse_et_0-300x300.jpg","type":"","width":"","height":""}],"twitter_card":"summary_large_image","schema":{"@context":"https:\/\/schema.org","@graph":[{"@type":"WebPage","@id":"https:\/\/faixarosabrasil.com.br\/blog\/contato\/","url":"https:\/\/faixarosabrasil.com.br\/blog\/contato\/","name":"Contato - blog faixa rosa brasil","isPartOf":{"@id":"https:\/\/faixarosabrasil.com.br\/blog\/#website"},"primaryImageOfPage":{"@id":"https:\/\/faixarosabrasil.com.br\/blog\/contato\/#primaryimage"},"image":{"@id":"https:\/\/faixarosabrasil.com.br\/blog\/contato\/#primaryimage"},"thumbnailUrl":"https:\/\/faixarosabrasil.com.br\/blog\/wp-content\/uploads\/2025\/11\/Lucid_Origin_group_of_confident_attractive_women_of_diverse_et_0-300x300.jpg","datePublished":"2025-11-10T03:27:12+00:00","dateModified":"2025-11-15T01:16:29+00:00","breadcrumb":{"@id":"https:\/\/faixarosabrasil.com.br\/blog\/contato\/#breadcrumb"},"inLanguage":"pt-BR","potentialAction":[{"@type":"ReadAction","target":["https:\/\/faixarosabrasil.com.br\/blog\/contato\/"]}]},{"@type":"ImageObject","inLanguage":"pt-BR","@id":"https:\/\/faixarosabrasil.com.br\/blog\/contato\/#primaryimage","url":"https:\/\/faixarosabrasil.com.br\/blog\/wp-content\/uploads\/2025\/11\/Lucid_Origin_group_of_confident_attractive_women_of_diverse_et_0.jpg","contentUrl":"https:\/\/faixarosabrasil.com.br\/blog\/wp-content\/uploads\/2025\/11\/Lucid_Origin_group_of_confident_attractive_women_of_diverse_et_0.jpg","width":1200,"height":1200,"caption":"acompanhantes rmr"},{"@type":"BreadcrumbList","@id":"https:\/\/faixarosabrasil.com.br\/blog\/contato\/#breadcrumb","itemListElement":[{"@type":"ListItem","position":1,"name":"In\u00edcio","item":"https:\/\/faixarosabrasil.com.br\/blog\/"},{"@type":"ListItem","position":2,"name":"Contato"}]},{"@type":"WebSite","@id":"https:\/\/faixarosabrasil.com.br\/blog\/#website","url":"https:\/\/faixarosabrasil.com.br\/blog\/","name":"Blog Faixa Rosa Brasil","description":"Encontre as melhores acompanhantes em todo brasil","publisher":{"@id":"https:\/\/faixarosabrasil.com.br\/blog\/#organization"},"potentialAction":[{"@type":"SearchAction","target":{"@type":"EntryPoint","urlTemplate":"https:\/\/faixarosabrasil.com.br\/blog\/?s={search_term_string}"},"query-input":{"@type":"PropertyValueSpecification","valueRequired":true,"valueName":"search_term_string"}}],"inLanguage":"pt-BR"},{"@type":"Organization","@id":"https:\/\/faixarosabrasil.com.br\/blog\/#organization","name":"Blog Faixa Rosa Brasil","url":"https:\/\/faixarosabrasil.com.br\/blog\/","logo":{"@type":"ImageObject","inLanguage":"pt-BR","@id":"https:\/\/faixarosabrasil.com.br\/blog\/#\/schema\/logo\/image\/","url":"https:\/\/faixarosabrasil.com.br\/blog\/wp-content\/uploads\/2025\/11\/Design-sem-nome-14.png","contentUrl":"https:\/\/faixarosabrasil.com.br\/blog\/wp-content\/uploads\/2025\/11\/Design-sem-nome-14.png","width":1200,"height":100,"caption":"Blog Faixa Rosa Brasil"},"image":{"@id":"https:\/\/faixarosabrasil.com.br\/blog\/#\/schema\/logo\/image\/"}}]}},"_hostinger_reach_plugin_has_subscription_block":false,"_hostinger_reach_plugin_is_elementor":false,"_links":{"self":[{"href":"https:\/\/faixarosabrasil.com.br\/blog\/wp-json\/wp\/v2\/pages\/24","targetHints":{"allow":["GET"]}}],"collection":[{"href":"https:\/\/faixarosabrasil.com.br\/blog\/wp-json\/wp\/v2\/pages"}],"about":[{"href":"https:\/\/faixarosabrasil.com.br\/blog\/wp-json\/wp\/v2\/types\/page"}],"author":[{"embeddable":true,"href":"https:\/\/faixarosabrasil.com.br\/blog\/wp-json\/wp\/v2\/users\/1"}],"replies":[{"embeddable":true,"href":"https:\/\/faixarosabrasil.com.br\/blog\/wp-json\/wp\/v2\/comments?post=24"}],"version-history":[{"count":23,"href":"https:\/\/faixarosabrasil.com.br\/blog\/wp-json\/wp\/v2\/pages\/24\/revisions"}],"predecessor-version":[{"id":1216,"href":"https:\/\/faixarosabrasil.com.br\/blog\/wp-json\/wp\/v2\/pages\/24\/revisions\/1216"}],"wp:attachment":[{"href":"https:\/\/faixarosabrasil.com.br\/blog\/wp-json\/wp\/v2\/media?parent=24"}],"curies":[{"name":"wp","href":"https:\/\/api.w.org\/{rel}","templated":true}]}}